{"id":79,"date":"2016-08-23T16:58:04","date_gmt":"2016-08-23T14:58:04","guid":{"rendered":"http:\/\/www.galahad.de\/wp_led\/?page_id=79"},"modified":"2022-11-21T17:32:01","modified_gmt":"2022-11-21T16:32:01","slug":"impressum","status":"publish","type":"page","link":"http:\/\/www.mgv-eintracht-spellen.de\/?page_id=79","title":{"rendered":"Impressum"},"content":{"rendered":"<div class=\"entry-content\">\n<p><strong>MGV &#8222;Eintracht&#8220; &#8211; Spellen<\/strong><\/p>\n<p>vertreten durch und Verantwortlicher i.S. d. 55 Abs. 2 RStV:<\/p>\n<p>Heinz-Josef Sch\u00e4fer, Mehrumer Stra\u00dfe 17, 46562 Voerde-Spellen<\/p>\n<table border=\"0\" width=\"321\" cellspacing=\"0\" cellpadding=\"0\">\n<tbody>\n<tr>\n<td>Telefon:<\/td>\n<td>0177 2111435<\/td>\n<\/tr>\n<\/tbody>\n<\/table>\n<p>Der <strong>MGV &#8222;Eintracht&#8220; &#8211; Spellen<\/strong> ist als Inhaltsanbieter f\u00fcr die eigenen Inhalte, die sie zur Nutzung bereith\u00e4lt, nach den allgemeinen Gesetzen verantwortlich. Von diesen eigenen Inhalten sind Querverweise (\u201eLinks\u201c) auf die von anderen Anbietern bereitgehaltenen Informationen zu unterscheiden.<\/p>\n<p>Durch den Querverweis h\u00e4lt <strong>MGV &#8222;Eintracht&#8220; &#8211; Spellen<\/strong> insofern \u201efremde Inhalte\u201c zur Nutzung bereit, die zum Beispiel durch den Hinweis Link gekennzeichnet sind. F\u00fcr diese fremden Inhalte sind wir nur dann verantwortlich, wenn von ihnen (d.h. auch von einem rechtswidrigen bzw. strafbaren Inhalt) positive Kenntnis vorliegt und es technisch m\u00f6glich und zumutbar ist, deren Nutzung zu verhindern. Bei \u201eLinks\u201c handelt es sich allerdings stets um \u201elebende\u201c (dynamische) Verweisungen.<br \/>\nWir haben bei der erstmaligen Verkn\u00fcpfung zwar den fremden Inhalt daraufhin \u00fcberpr\u00fcft, ob durch ihn eine m\u00f6gliche zivilrechtliche oder strafrechtliche Verantwortlichkeit ausgel\u00f6st wird. Der Inhaltsanbieter ist aber nicht dazu verpflichtet, die Inhalte, auf die er in seinem Angebot verweist, st\u00e4ndig auf Ver\u00e4nderungen zu \u00fcberpr\u00fcfen, die eine Verantwortlichkeit neu begr\u00fcnden k\u00f6nnten. Erst wenn er feststellt oder von anderen darauf hingewiesen wird, dass ein konkretes Angebot, zu dem er einen Link bereitgestellt hat, eine zivil- oder strafrechtliche Verantwortlichkeit ausl\u00f6st, wird er den Verweis auf dieses Angebot aufheben soweit ihm dies technisch m\u00f6glich und zumutbar ist. Die technische M\u00f6glichkeit und Zumutbarkeit wird nicht dadurch beeinflusst, dass auch nach Unterbindung des Zugriffs von der Homepage des <strong>MGV &#8222;Eintracht&#8220; &#8211; Spellen<\/strong> von anderen Servern aus auf das rechtswidrige oder strafbare Angebot zugegriffen werden kann. F\u00fcr die Richtigkeit von Ver\u00f6ffentlichungen k\u00f6nnen die Anbieter i.S.d. MdStV trotz Pr\u00fcfung nicht haften.<\/p>\n<p>Die Ver\u00f6ffentlichungen durch die Betreiber der Homepage\u00a0<b><strong>MGV &#8222;Eintracht&#8220; &#8211; Spellen<\/strong> <\/b>erfolgen ohne Ber\u00fccksichtigung eines eventuellen Patentschutzes. Auch werden Warennamen ohne Gew\u00e4hrleistung einer freien Anwendung benutzt. Ferner k\u00f6nnen wir trotz intensiver Pr\u00fcfung aller unserer Daten mit aktuellen Virenscannern keine Haftung f\u00fcr eventuelle Sch\u00e4den \u00fcbernehmen, die aus der Nutzung dieser Daten entstehen k\u00f6nnten.<\/p>\n<p><b>Haftungsausschluss<\/b><br \/>\nInhalt des Onlineangebotes<br \/>\nDer Autor \u00fcbernimmt keinerlei Gew\u00e4hr f\u00fcr die Aktualit\u00e4t, Korrektheit, Vollst\u00e4ndigkeit oder Qualit\u00e4t der bereitgestellten Informationen. Haftungsanspr\u00fcche gegen den Autor, welche sich auf Sch\u00e4den materieller oder ideeller Art beziehen, die durch die Nutzung oder Nichtnutzung der dargebotenen Informationen bzw. durch die Nutzung fehlerhafter und unvollst\u00e4ndiger Informationen verursacht wurden, sind grunds\u00e4tzlich ausgeschlossen, sofern seitens des Autors kein nachweislich vors\u00e4tzliches oder grob fahrl\u00e4ssiges Verschulden vorliegt. Alle Angebote sind freibleibend und unverbindlich. Der Autor beh\u00e4lt es sich ausdr\u00fccklich vor, Teile der Seiten oder das gesamte Angebot ohne gesonderte Ank\u00fcndigung zu ver\u00e4ndern, zu erg\u00e4nzen, zu l\u00f6schen oder die Ver\u00f6ffentlichung zeitweise oder endg\u00fcltig einzustellen.<\/p>\n<p>Verweise und Links<br \/>\nBei direkten oder indirekten Verweisen auf fremde Internetseiten (\u201eLinks\u201c), die au\u00dferhalb des Verantwortungsbereiches des Autors liegen, w\u00fcrde eine Haftungsverpflichtung ausschlie\u00dflich in dem Fall in Kraft treten, in dem der Autor von den Inhalten Kenntnis hat und es ihm technisch m\u00f6glich und zumutbar w\u00e4re, die Nutzung im Falle rechtswidriger Inhalte zu verhindern. Der Autor erkl\u00e4rt hiermit ausdr\u00fccklich, dass zum Zeitpunkt der Linksetzung keine illegalen Inhalte auf den zu verlinkenden Seiten erkennbar waren. Auf die aktuelle und zuk\u00fcnftige Gestaltung, die Inhalte oder die Urheberschaft der gelinkten\/verkn\u00fcpften Seiten hat der Autor keinerlei Einfluss. Deshalb distanziert er sich hiermit ausdr\u00fccklich von allen Inhalten aller gelinkten \/verkn\u00fcpften Seiten, die nach der Linksetzung ver\u00e4ndert wurden. Diese Feststellung gilt f\u00fcr alle innerhalb des eigenen Internetangebotes gesetzten Links und Verweise sowie f\u00fcr Fremdeintr\u00e4ge in vom Autor eingerichteten G\u00e4steb\u00fcchern, Diskussionsforen und Mailinglisten. F\u00fcr illegale, fehlerhafte oder unvollst\u00e4ndige Inhalte und insbesondere f\u00fcr Sch\u00e4den, die aus der Nutzung oder Nichtnutzung solcherart dargebotener Informationen entstehen, haftet allein der Anbieter der Seite, auf welche verwiesen wurde, nicht derjenige, der \u00fcber Links auf die jeweilige Ver\u00f6ffentlichung lediglich verweist.<\/p>\n<p>Urheber- und Kennzeichenrecht<br \/>\nDer Autor ist bestrebt, in allen Publikationen die Urheberrechte der verwendeten Grafiken, Tondokumente, Videosequenzen und Texte zu beachten, von ihm selbst erstellte Grafiken, Tondokumente, Videosequenzen und Texte zu nutzen oder auf lizenzfreie Grafiken, Tondokumente, Videosequenzen und Texte zur\u00fcckzugreifen. Alle innerhalb des Internetangebotes genannten und ggf. durch Dritte gesch\u00fctzten Marken- und Warenzeichen unterliegen uneingeschr\u00e4nkt den Bestimmungen des jeweils g\u00fcltigen Kennzeichenrechts und den Besitzrechten der jeweiligen eingetragenen Eigent\u00fcmer. Allein aufgrund der blo\u00dfen Nennung ist nicht der Schlu\u00df zu ziehen, dass Markenzeichen nicht durch Rechte Dritter gesch\u00fctzt sind! Das Copyright f\u00fcr ver\u00f6ffentlichte, vom Autor selbst erstellte Objekte bleibt allein beim Autor der Seiten. Eine Vervielf\u00e4ltigung oder Verwendung solcher Grafiken, Tondokumente, Videosequenzen und Texte in anderen elektronischen oder gedruckten Publikationen ist ohne ausdr\u00fcckliche Zustimmung des Autors nicht gestattet.<\/p>\n<p>Auf den Internetseiten von .<strong>MGV &#8222;Eintracht&#8220; &#8211; Spellen<\/strong> werden neben eigenen Fotos und Medien auch Fotos und Medien der Bilderdatenbank Pixabay.de verwendet. Letztere sind frei von Urheberrechten unter Creative Commons CC0.<\/p>\n<p>Datenschutz<br \/>\nSofern innerhalb des Internetangebotes die M\u00f6glichkeit zur Eingabe pers\u00f6nlicher oder gesch\u00e4ftlicher Daten (Emailadressen, Namen, Anschriften) besteht, so erfolgt die Preisgabe dieser Daten seitens des Nutzers auf ausdr\u00fccklich freiwilliger Basis. Die Inanspruchnahme und Bezahlung aller angebotenen Dienste ist \u2013 soweit technisch m\u00f6glich und zumutbar \u2013 auch ohne Angabe solcher Daten bzw. unter Angabe anonymisierter Daten oder eines Pseudonyms gestattet.<\/p>\n<p>Rechtswirksamkeit dieses Haftungsausschlusses<br \/>\nDieser Haftungsausschluss ist als Teil des Internetangebotes zu betrachten, von dem aus auf diese Seite verwiesen wurde. Sofern Teile oder einzelne Formulierungen dieses Textes der geltenden Rechtslage nicht, nicht mehr oder nicht vollst\u00e4ndig entsprechen sollten, bleiben die \u00fcbrigen Teile des Dokumentes in ihrem Inhalt und ihrer G\u00fcltigkeit davon unber\u00fchrt.<\/p>\n<p>\u00a92019 <strong>MGV &#8222;Eintracht&#8220; &#8211; Spellen<\/strong><\/p>\n<p>&nbsp;<\/p>\n<p><span style=\"text-decoration: underline;\">Webdesign:<\/span>\u00a0 Design: <a href=\"http:\/\/www.galahad.de\/galawb\/wb\/\">GALAHAD-media<\/a>, Powered by <a title=\"WordPress\" href=\"http:\/\/wordpress.org\" target=\"_blank\" rel=\"noopener noreferrer\">WordPress<\/a>. Theme: Accelerate von <a title=\"ThemeGrill\" href=\"http:\/\/themegrill.com\/themes\/accelerate\" target=\"_blank\" rel=\"designer noopener noreferrer\">ThemeGrill<\/a><\/p>\n<\/div>\n","protected":false},"excerpt":{"rendered":"<p>MGV &#8222;Eintracht&#8220; &#8211; Spellen vertreten durch und Verantwortlicher i.S. d. 55 Abs. 2 RStV: Heinz-Josef Sch\u00e4fer, Mehrumer Stra\u00dfe 17, 46562 Voerde-Spellen Telefon: 0177 2111435 Der MGV &#8222;Eintracht&#8220; &#8211; Spellen ist als Inhaltsanbieter f\u00fcr die eigenen Inhalte, die sie zur Nutzung<\/p>\n","protected":false},"author":3,"featured_media":0,"parent":25,"menu_order":0,"comment_status":"closed","ping_status":"closed","template":"","meta":{"footnotes":""},"class_list":["post-79","page","type-page","status-publish","hentry"],"_links":{"self":[{"href":"http:\/\/www.mgv-eintracht-spellen.de\/index.php?rest_route=\/wp\/v2\/pages\/79","targetHints":{"allow":["GET"]}}],"collection":[{"href":"http:\/\/www.mgv-eintracht-spellen.de\/index.php?rest_route=\/wp\/v2\/pages"}],"about":[{"href":"http:\/\/www.mgv-eintracht-spellen.de\/index.php?rest_route=\/wp\/v2\/types\/page"}],"author":[{"embeddable":true,"href":"http:\/\/www.mgv-eintracht-spellen.de\/index.php?rest_route=\/wp\/v2\/users\/3"}],"replies":[{"embeddable":true,"href":"http:\/\/www.mgv-eintracht-spellen.de\/index.php?rest_route=%2Fwp%2Fv2%2Fcomments&post=79"}],"version-history":[{"count":11,"href":"http:\/\/www.mgv-eintracht-spellen.de\/index.php?rest_route=\/wp\/v2\/pages\/79\/revisions"}],"predecessor-version":[{"id":1272,"href":"http:\/\/www.mgv-eintracht-spellen.de\/index.php?rest_route=\/wp\/v2\/pages\/79\/revisions\/1272"}],"up":[{"embeddable":true,"href":"http:\/\/www.mgv-eintracht-spellen.de\/index.php?rest_route=\/wp\/v2\/pages\/25"}],"wp:attachment":[{"href":"http:\/\/www.mgv-eintracht-spellen.de\/index.php?rest_route=%2Fwp%2Fv2%2Fmedia&parent=79"}],"curies":[{"name":"wp","href":"https:\/\/api.w.org\/{rel}","templated":true}]}}