{"id":422,"date":"2019-02-06T21:57:55","date_gmt":"2019-02-06T20:57:55","guid":{"rendered":"https:\/\/www.galahad.de\/wp_led\/?page_id=422"},"modified":"2020-12-07T20:55:47","modified_gmt":"2020-12-07T19:55:47","slug":"foerderer","status":"publish","type":"page","link":"http:\/\/www.mgv-eintracht-spellen.de\/?page_id=422","title":{"rendered":"F\u00f6rderer"},"content":{"rendered":"<div class=\"su-row\"><div class=\"su-column su-column-size-1-4\"><div class=\"su-column-inner su-u-clearfix su-u-trim\"><\/p>\n<p><div id=\"su_slider_69f0345b9a48e\" class=\"su-slider su-slider-pages-no su-slider-responsive-no\" style=\"width:240px;height:240px\" data-autoplay=\"9000\" data-speed=\"2100\" data-mousewheel=\"false\"><div class=\"su-slider-slides\"><div class=\"su-slider-slide\"><a href=\"https:\/\/www.nispa.de\"  target=\"_blank\" title=\"Sparkasse NISPA\"><img decoding=\"async\" src=\"http:\/\/www.mgv-eintracht-spellen.de\/wp-content\/uploads\/2019\/02\/sp-240x240.png\" alt=\"Sparkasse NISPA\" \/><span class=\"su-slider-slide-title\">Sparkasse NISPA<\/span><\/a><\/div><div class=\"su-slider-slide\"><a href=\"https:\/\/www.volksbank-rhein-lippe.de\"  target=\"_blank\" title=\"Volksbank Rhein-Lippe\"><img decoding=\"async\" src=\"http:\/\/www.mgv-eintracht-spellen.de\/wp-content\/uploads\/2019\/02\/volksbank-rhein-lippe-465-e1549565545807.gif\" alt=\"Volksbank Rhein-Lippe\" \/><span class=\"su-slider-slide-title\">Volksbank Rhein-Lippe<\/span><\/a><\/div><div class=\"su-slider-slide\"><a><img decoding=\"async\" src=\"http:\/\/www.mgv-eintracht-spellen.de\/wp-content\/uploads\/2020\/12\/IK-240x240.jpg\" alt=\"IK-Marketing\" \/><span class=\"su-slider-slide-title\">IK-Marketing<\/span><\/a><\/div><\/div><div class=\"su-slider-nav\"><div class=\"su-slider-pagination\"><\/div><\/div><\/div><\/p>\n<p><\/div><\/div><\/p>\n<p><div class=\"su-column su-column-size-3-4\"><div class=\"su-column-inner su-u-clearfix su-u-trim\"><\/p>\n<p>Unser Verein m\u00f6chte hier gerne Freunde und F\u00f6rderer vorstellen.<\/p>\n<p>Wir bedanken uns an dieser Stelle bei unseren Vereins-F\u00f6rdern.<\/p>\n<p>Ohne die Unterst\u00fctzung unserer F\u00f6rderer, w\u00e4ren viele Aktivit\u00e4ten des Vereins nicht umsetzbar.<\/p>\n<p>Durch einen Klick auf das jeweilige Bild gelangen Sie zur Internetseite unseres F\u00f6rderers.<\/p>\n<p><\/div><\/div><\/div>\n<p>&nbsp;<\/p>\n","protected":false},"excerpt":{"rendered":"<p>&nbsp;<\/p>\n","protected":false},"author":3,"featured_media":0,"parent":32,"menu_order":0,"comment_status":"closed","ping_status":"closed","template":"","meta":{"footnotes":""},"class_list":["post-422","page","type-page","status-publish","hentry"],"_links":{"self":[{"href":"http:\/\/www.mgv-eintracht-spellen.de\/index.php?rest_route=\/wp\/v2\/pages\/422","targetHints":{"allow":["GET"]}}],"collection":[{"href":"http:\/\/www.mgv-eintracht-spellen.de\/index.php?rest_route=\/wp\/v2\/pages"}],"about":[{"href":"http:\/\/www.mgv-eintracht-spellen.de\/index.php?rest_route=\/wp\/v2\/types\/page"}],"author":[{"embeddable":true,"href":"http:\/\/www.mgv-eintracht-spellen.de\/index.php?rest_route=\/wp\/v2\/users\/3"}],"replies":[{"embeddable":true,"href":"http:\/\/www.mgv-eintracht-spellen.de\/index.php?rest_route=%2Fwp%2Fv2%2Fcomments&post=422"}],"version-history":[{"count":23,"href":"http:\/\/www.mgv-eintracht-spellen.de\/index.php?rest_route=\/wp\/v2\/pages\/422\/revisions"}],"predecessor-version":[{"id":1147,"href":"http:\/\/www.mgv-eintracht-spellen.de\/index.php?rest_route=\/wp\/v2\/pages\/422\/revisions\/1147"}],"up":[{"embeddable":true,"href":"http:\/\/www.mgv-eintracht-spellen.de\/index.php?rest_route=\/wp\/v2\/pages\/32"}],"wp:attachment":[{"href":"http:\/\/www.mgv-eintracht-spellen.de\/index.php?rest_route=%2Fwp%2Fv2%2Fmedia&parent=422"}],"curies":[{"name":"wp","href":"https:\/\/api.w.org\/{rel}","templated":true}]}}