{"id":351,"date":"2019-02-03T19:17:24","date_gmt":"2019-02-03T18:17:24","guid":{"rendered":"https:\/\/www.galahad.de\/wp_led\/?page_id=351"},"modified":"2019-10-11T20:26:37","modified_gmt":"2019-10-11T18:26:37","slug":"presse-2","status":"publish","type":"page","link":"http:\/\/www.mgv-eintracht-spellen.de\/?page_id=351","title":{"rendered":"Presse"},"content":{"rendered":"<p>Hier m\u00f6chten wir Ihnen einen \u00dcberblick \u00fcber ausgew\u00e4hlte Presseartikel geben:<\/p>\n\n\n<div class=\"su-posts su-posts-default-loop \">\n\n\t\t\t<h4>Beitr\u00e4ge nicht gefunden<\/h4>\n\t\n<\/div>\n\n","protected":false},"excerpt":{"rendered":"<p>Hier m\u00f6chten wir Ihnen einen \u00dcberblick \u00fcber ausgew\u00e4hlte Presseartikel geben:<\/p>\n","protected":false},"author":3,"featured_media":0,"parent":248,"menu_order":0,"comment_status":"closed","ping_status":"closed","template":"","meta":{"footnotes":""},"class_list":["post-351","page","type-page","status-publish","hentry"],"_links":{"self":[{"href":"http:\/\/www.mgv-eintracht-spellen.de\/index.php?rest_route=\/wp\/v2\/pages\/351","targetHints":{"allow":["GET"]}}],"collection":[{"href":"http:\/\/www.mgv-eintracht-spellen.de\/index.php?rest_route=\/wp\/v2\/pages"}],"about":[{"href":"http:\/\/www.mgv-eintracht-spellen.de\/index.php?rest_route=\/wp\/v2\/types\/page"}],"author":[{"embeddable":true,"href":"http:\/\/www.mgv-eintracht-spellen.de\/index.php?rest_route=\/wp\/v2\/users\/3"}],"replies":[{"embeddable":true,"href":"http:\/\/www.mgv-eintracht-spellen.de\/index.php?rest_route=%2Fwp%2Fv2%2Fcomments&post=351"}],"version-history":[{"count":12,"href":"http:\/\/www.mgv-eintracht-spellen.de\/index.php?rest_route=\/wp\/v2\/pages\/351\/revisions"}],"predecessor-version":[{"id":858,"href":"http:\/\/www.mgv-eintracht-spellen.de\/index.php?rest_route=\/wp\/v2\/pages\/351\/revisions\/858"}],"up":[{"embeddable":true,"href":"http:\/\/www.mgv-eintracht-spellen.de\/index.php?rest_route=\/wp\/v2\/pages\/248"}],"wp:attachment":[{"href":"http:\/\/www.mgv-eintracht-spellen.de\/index.php?rest_route=%2Fwp%2Fv2%2Fmedia&parent=351"}],"curies":[{"name":"wp","href":"https:\/\/api.w.org\/{rel}","templated":true}]}}