{"id":340,"date":"2019-02-03T17:12:56","date_gmt":"2019-02-03T16:12:56","guid":{"rendered":"https:\/\/www.galahad.de\/wp_led\/?page_id=340"},"modified":"2019-09-05T19:36:34","modified_gmt":"2019-09-05T17:36:34","slug":"presse","status":"publish","type":"page","link":"http:\/\/www.mgv-eintracht-spellen.de\/?page_id=340","title":{"rendered":"Links"},"content":{"rendered":"<p>Hier m\u00f6chten wir auf interessante weitere Internetseiten und befreundete Vereine hinweisen:<\/p>\n<ul>\n<li><a href=\"https:\/\/big-spellen.de\/\"><span class=\"uk-text-bold\">B\u00fcrgerInteressenGemeinschaft Spellen e.V.<\/span><\/a><\/li>\n<li><a href=\"https:\/\/spielmannszug-spellen.de\/\">Spielmannszug Spellen<\/a><\/li>\n<li><a href=\"https:\/\/www.voerder-karnevalsverein.de\">Voerder-Karnevalsverein<\/a><\/li>\n<li><a href=\"https:\/\/dinslakener-pinguine.de\">Dinslakener-Pinguine<\/a><\/li>\n<li><a href=\"http:\/\/www.dkv-blau-weiss.de\">DKV-Blau-Weiss<\/a><\/li>\n<li><a href=\"https:\/\/www.wesindwerdor.de\">Wesindwerdor<\/a><\/li>\n<li><a href=\"https:\/\/www.kg-rot-gold-dinslaken.de\/\">KG-Rot-Gold-Dinslaken<\/a><\/li>\n<li><a href=\"https:\/\/www.kg-gruen-weiss.de\/joomla\/\">KG-Gr\u00fcn-Wei\u00df<\/a><\/li>\n<li><a href=\"http:\/\/www.caw-wesel.de\/\">CAW-Wesel<\/a><\/li>\n<li><a href=\"https:\/\/de-de.facebook.com\/HCCHiesfeld1999\/\">HCC-Hiesfeld-1999<\/a><\/li>\n<li><a href=\"https:\/\/www.xn--kg-brnen-b6a.de\/\">KG-Br\u00fcnen<\/a><\/li>\n<\/ul>\n","protected":false},"excerpt":{"rendered":"<p>Hier m\u00f6chten wir auf interessante weitere Internetseiten und befreundete Vereine hinweisen: B\u00fcrgerInteressenGemeinschaft Spellen e.V. Spielmannszug Spellen Voerder-Karnevalsverein Dinslakener-Pinguine DKV-Blau-Weiss Wesindwerdor KG-Rot-Gold-Dinslaken KG-Gr\u00fcn-Wei\u00df CAW-Wesel HCC-Hiesfeld-1999 KG-Br\u00fcnen<\/p>\n","protected":false},"author":3,"featured_media":0,"parent":25,"menu_order":0,"comment_status":"closed","ping_status":"closed","template":"","meta":{"footnotes":""},"class_list":["post-340","page","type-page","status-publish","hentry"],"_links":{"self":[{"href":"http:\/\/www.mgv-eintracht-spellen.de\/index.php?rest_route=\/wp\/v2\/pages\/340","targetHints":{"allow":["GET"]}}],"collection":[{"href":"http:\/\/www.mgv-eintracht-spellen.de\/index.php?rest_route=\/wp\/v2\/pages"}],"about":[{"href":"http:\/\/www.mgv-eintracht-spellen.de\/index.php?rest_route=\/wp\/v2\/types\/page"}],"author":[{"embeddable":true,"href":"http:\/\/www.mgv-eintracht-spellen.de\/index.php?rest_route=\/wp\/v2\/users\/3"}],"replies":[{"embeddable":true,"href":"http:\/\/www.mgv-eintracht-spellen.de\/index.php?rest_route=%2Fwp%2Fv2%2Fcomments&post=340"}],"version-history":[{"count":7,"href":"http:\/\/www.mgv-eintracht-spellen.de\/index.php?rest_route=\/wp\/v2\/pages\/340\/revisions"}],"predecessor-version":[{"id":834,"href":"http:\/\/www.mgv-eintracht-spellen.de\/index.php?rest_route=\/wp\/v2\/pages\/340\/revisions\/834"}],"up":[{"embeddable":true,"href":"http:\/\/www.mgv-eintracht-spellen.de\/index.php?rest_route=\/wp\/v2\/pages\/25"}],"wp:attachment":[{"href":"http:\/\/www.mgv-eintracht-spellen.de\/index.php?rest_route=%2Fwp%2Fv2%2Fmedia&parent=340"}],"curies":[{"name":"wp","href":"https:\/\/api.w.org\/{rel}","templated":true}]}}