{"id":32,"date":"2014-04-07T12:17:30","date_gmt":"2014-04-07T10:17:30","guid":{"rendered":"http:\/\/www.pa-borgmann.de\/?page_id=32"},"modified":"2020-12-14T20:19:51","modified_gmt":"2020-12-14T19:19:51","slug":"start","status":"publish","type":"page","link":"http:\/\/www.mgv-eintracht-spellen.de\/?page_id=32","title":{"rendered":"Unser Verein"},"content":{"rendered":"<p><strong>Die Jubilare unseres Vereins<\/strong><\/p>\n<p>&nbsp;<\/p>\n<div class=\"su-row\"><div class=\"su-column su-column-size-1-4\"><div class=\"su-column-inner su-u-clearfix su-u-trim\"><\/p>\n<p><div class=\"foogallery foogallery-container foogallery-thumbnail foogallery-single-thumbnail foogallery-lightbox-foobox fg-left fg-thumbnail fg-ready fg-light fg-border-thin fg-shadow-outline fg-loading-default fg-loaded-fade-in fg-caption-hover fg-hover-fade fg-hover-zoom\" id=\"foogallery-gallery-1159\" data-foogallery=\"{&quot;item&quot;:{&quot;showCaptionTitle&quot;:true,&quot;showCaptionDescription&quot;:true},&quot;lazy&quot;:true}\" style=\"--fg-title-line-clamp: 0; --fg-description-line-clamp: 0;\" >\n    <div class=\"fg-item fg-type-image fg-idle\"><figure class=\"fg-item-inner\"><a href=\"http:\/\/www.mgv-eintracht-spellen.de\/wp-content\/uploads\/2020\/12\/Fakel-2-scaled.jpg\" data-attachment-id=\"1156\" rel=\"lightbox[1159]\" data-type=\"image\" class=\"fg-thumb\"><span class=\"fg-image-wrap\"><img decoding=\"async\" width=\"150\" height=\"250\" class=\"skip-lazy fg-image\" data-src-fg=\"http:\/\/www.mgv-eintracht-spellen.de\/wp-content\/uploads\/cache\/2020\/12\/Fakel-2-scaled\/1941240933.jpg\" src=\"data:image\/svg+xml,%3Csvg%20xmlns%3D%22http%3A%2F%2Fwww.w3.org%2F2000%2Fsvg%22%20width%3D%22150%22%20height%3D%22250%22%20viewBox%3D%220%200%20150%20250%22%3E%3C%2Fsvg%3E\" loading=\"eager\"><\/span><span class=\"fg-image-overlay\"><\/span><\/a><figcaption class=\"fg-caption\"><div class=\"fg-caption-inner\"><div class=\"fg-caption-title\">10 Jahre Chorleitung<\/div><\/div><\/figcaption><\/figure><div class=\"fg-loader\"><\/div><\/div>        <div class=\"fg-st-hidden\">\n        <div class=\"fg-item fg-type-image fg-idle\"><figure class=\"fg-item-inner\"><a href=\"http:\/\/www.mgv-eintracht-spellen.de\/wp-content\/uploads\/2020\/12\/Fakel-scaled.jpg\" data-attachment-id=\"1155\" rel=\"lightbox[1159]\" data-type=\"image\" class=\"fg-thumb\"><span class=\"fg-image-wrap\"><img decoding=\"async\" width=\"150\" height=\"250\" class=\"skip-lazy fg-image\" data-src-fg=\"http:\/\/www.mgv-eintracht-spellen.de\/wp-content\/uploads\/cache\/2020\/12\/Fakel-scaled\/3482452605.jpg\" src=\"data:image\/svg+xml,%3Csvg%20xmlns%3D%22http%3A%2F%2Fwww.w3.org%2F2000%2Fsvg%22%20width%3D%22150%22%20height%3D%22250%22%20viewBox%3D%220%200%20150%20250%22%3E%3C%2Fsvg%3E\" loading=\"eager\"><\/span><span class=\"fg-image-overlay\"><\/span><\/a><\/figure><div class=\"fg-loader\"><\/div><\/div>    <\/div>\n<\/div>\n<\/p>\n<p><\/div><\/div> <div class=\"su-column su-column-size-3-4\"><div class=\"su-column-inner su-u-clearfix su-u-trim\"> Anl\u00e4sslich ihres 10- j\u00e4hrigen Jubil\u00e4ums als Chorleiterin des MGV &#8222;Eintracht&#8220; Spellen \u00fcberreichten die beiden Vorsitzenden Michaela ein Jubil\u00e4umspr\u00e4sent. Eine Outdoor-Fackel mit MGV-Wappen erinnert sie auch in der probenfreien Zeit an die S\u00e4nger der &#8222;Eintracht&#8220;.<\/p>\n<p>&nbsp;<\/p>\n<p><\/div><\/div><\/div>\n<div class=\"su-row\"><div class=\"su-column su-column-size-1-4\"><div class=\"su-column-inner su-u-clearfix su-u-trim\"><\/p>\n<p><div class=\"foogallery foogallery-container foogallery-thumbnail foogallery-single-thumbnail foogallery-lightbox-foobox fg-left fg-thumbnail fg-ready fg-light fg-border-thin fg-shadow-outline fg-loading-default fg-loaded-fade-in fg-caption-hover fg-hover-fade fg-hover-zoom\" id=\"foogallery-gallery-868\" data-foogallery=\"{&quot;item&quot;:{&quot;showCaptionTitle&quot;:true,&quot;showCaptionDescription&quot;:true},&quot;lazy&quot;:true}\" style=\"--fg-title-line-clamp: 0; --fg-description-line-clamp: 0;\" >\n    <div class=\"fg-item fg-type-image fg-idle\"><figure class=\"fg-item-inner\"><a href=\"http:\/\/www.mgv-eintracht-spellen.de\/wp-content\/uploads\/2019\/10\/DSCF6453.jpg\" data-caption-title=\"Jubilarehrung beim S\u00e4ngerkreis Wesel\" data-attachment-id=\"843\" rel=\"lightbox[868]\" data-type=\"image\" class=\"fg-thumb\"><span class=\"fg-image-wrap\"><img decoding=\"async\" title=\"Auch in diesem Jahr wurden im Rahmen einer Feierstunde des S\u00e4ngerkreises verdiente S\u00e4ngerinnen und S\u00e4nger f\u00fcr ihr langj\u00e4hriges Engagement geehrt. Vom MGV \u201eEintracht\u201c Spellen wurden Peter-Anton Becker f\u00fcr sein 10 jahriges Dienstjubil\u00e4um als erster Vorsitzender gew\u00fcrdigt. Hans Walter Hunecke erhielt f\u00fcr vierzig Jahre als aktiver S\u00e4nger die verdiente Urkunde.\nSogar auf 70 Jahre als aktiver S\u00e4nger im S\u00e4ngerkreis kann Heinz H\u00fclsermann zur\u00fcckblicken. Leider ist uns bei der Meldung beim S\u00e4ngerkreis ein Fehler unterlaufen. Wir haben \u201enur\u201c die 60 Jahre beim MGV ber\u00fccksichtigt und haben leider die 10 Jahre Zugeh\u00f6rigkeit im Kinder- und Jugendchor nicht mitber\u00fccksichtigt. Heinz geh\u00f6rt also genauso zu dem erlesenen Kreis derer, die f\u00fcr 70 Jahre Gesang und Mitgliedschaft im S\u00e4ngerkreis geehrt werden m\u00fcssen. Uns ist dieser Fehler sehr unangenehm und bitten dies zu entschuldigen. Die Ehrung werden wir im Jubil\u00e4umsjahr nachholen.\" width=\"250\" height=\"150\" class=\"skip-lazy fg-image\" data-src-fg=\"http:\/\/www.mgv-eintracht-spellen.de\/wp-content\/uploads\/cache\/2019\/10\/DSCF6453\/2237971193.jpg\" src=\"data:image\/svg+xml,%3Csvg%20xmlns%3D%22http%3A%2F%2Fwww.w3.org%2F2000%2Fsvg%22%20width%3D%22250%22%20height%3D%22150%22%20viewBox%3D%220%200%20250%20150%22%3E%3C%2Fsvg%3E\" loading=\"eager\"><\/span><span class=\"fg-image-overlay\"><\/span><\/a><\/figure><div class=\"fg-loader\"><\/div><\/div>        <div class=\"fg-st-hidden\">\n            <\/div>\n<\/div>\n<\/p>\n<p><\/div><\/div><div class=\"su-column su-column-size-3-4\"><div class=\"su-column-inner su-u-clearfix su-u-trim\"> Bilder der Jubilarehrung vom S\u00e4ngerkreis Wesel 2019.<\/p>\n<p>&nbsp;<\/p>\n<p><\/div><\/div><\/div>\n<div class=\"su-row\"><div class=\"su-column su-column-size-1-4\"><div class=\"su-column-inner su-u-clearfix su-u-trim\"><\/p>\n<p><div class=\"foogallery foogallery-container foogallery-thumbnail foogallery-single-thumbnail foogallery-lightbox-foobox fg-left fg-thumbnail fg-ready fg-light fg-border-thin fg-shadow-outline fg-loading-default fg-loaded-fade-in fg-caption-hover fg-hover-fade fg-hover-zoom\" id=\"foogallery-gallery-650\" data-foogallery=\"{&quot;item&quot;:{&quot;showCaptionTitle&quot;:true,&quot;showCaptionDescription&quot;:true},&quot;lazy&quot;:true}\" style=\"--fg-title-line-clamp: 0; --fg-description-line-clamp: 0;\" >\n    <div class=\"fg-item fg-type-image fg-idle\"><figure class=\"fg-item-inner\"><a href=\"http:\/\/www.mgv-eintracht-spellen.de\/wp-content\/uploads\/2019\/05\/IMG_4982.jpg\" data-caption-desc=\"Unsere auf Jahreshauptversammlung am 07.05.2019 f\u00fcr lange Vereinszugeh\u00f6rigkeit geehrten Jubilare\" data-caption-title=\"Jubilare\" data-attachment-id=\"642\" rel=\"lightbox[650]\" data-type=\"image\" class=\"fg-thumb\"><span class=\"fg-image-wrap\"><img decoding=\"async\" width=\"250\" height=\"150\" class=\"skip-lazy fg-image\" data-src-fg=\"http:\/\/www.mgv-eintracht-spellen.de\/wp-content\/uploads\/cache\/2019\/05\/IMG_4982\/3674121511.jpg\" src=\"data:image\/svg+xml,%3Csvg%20xmlns%3D%22http%3A%2F%2Fwww.w3.org%2F2000%2Fsvg%22%20width%3D%22250%22%20height%3D%22150%22%20viewBox%3D%220%200%20250%20150%22%3E%3C%2Fsvg%3E\" loading=\"eager\"><\/span><span class=\"fg-image-overlay\"><\/span><\/a><\/figure><div class=\"fg-loader\"><\/div><\/div>        <div class=\"fg-st-hidden\">\n        <div class=\"fg-item fg-type-image fg-idle\"><figure class=\"fg-item-inner\"><a href=\"http:\/\/www.mgv-eintracht-spellen.de\/wp-content\/uploads\/2019\/05\/Jubi2018_1.jpg\" data-caption-title=\"Jubilare auf dem Kameradschaftsabend\" data-attachment-id=\"666\" rel=\"lightbox[650]\" data-type=\"image\" class=\"fg-thumb\"><span class=\"fg-image-wrap\"><img decoding=\"async\" width=\"250\" height=\"150\" class=\"skip-lazy fg-image\" data-src-fg=\"http:\/\/www.mgv-eintracht-spellen.de\/wp-content\/uploads\/cache\/2019\/05\/Jubi2018_1\/3815463409.jpg\" src=\"data:image\/svg+xml,%3Csvg%20xmlns%3D%22http%3A%2F%2Fwww.w3.org%2F2000%2Fsvg%22%20width%3D%22250%22%20height%3D%22150%22%20viewBox%3D%220%200%20250%20150%22%3E%3C%2Fsvg%3E\" loading=\"eager\"><\/span><span class=\"fg-image-overlay\"><\/span><\/a><figcaption class=\"fg-caption\"><div class=\"fg-caption-inner\"><div class=\"fg-caption-title\">Jubilare auf dem Kameradschaftsabend<\/div><\/div><\/figcaption><\/figure><div class=\"fg-loader\"><\/div><\/div><div class=\"fg-item fg-type-image fg-idle\"><figure class=\"fg-item-inner\"><a href=\"http:\/\/www.mgv-eintracht-spellen.de\/wp-content\/uploads\/2019\/05\/Jubi2018_2.jpg\" data-caption-title=\"Johannes Beckedahl wurde zum Ehrenmitglied ernannt\" data-attachment-id=\"667\" rel=\"lightbox[650]\" data-type=\"image\" class=\"fg-thumb\"><span class=\"fg-image-wrap\"><img decoding=\"async\" width=\"250\" height=\"150\" class=\"skip-lazy fg-image\" data-src-fg=\"http:\/\/www.mgv-eintracht-spellen.de\/wp-content\/uploads\/cache\/2019\/05\/Jubi2018_2\/721434327.jpg\" src=\"data:image\/svg+xml,%3Csvg%20xmlns%3D%22http%3A%2F%2Fwww.w3.org%2F2000%2Fsvg%22%20width%3D%22250%22%20height%3D%22150%22%20viewBox%3D%220%200%20250%20150%22%3E%3C%2Fsvg%3E\" loading=\"eager\"><\/span><span class=\"fg-image-overlay\"><\/span><\/a><figcaption class=\"fg-caption\"><div class=\"fg-caption-inner\"><div class=\"fg-caption-title\">Johannes Beckedahl wurde zum Ehrenmitglied ernannt<\/div><\/div><\/figcaption><\/figure><div class=\"fg-loader\"><\/div><\/div>    <\/div>\n<\/div>\n<\/p>\n<p><\/div><\/div> <div class=\"su-column su-column-size-3-4\"><div class=\"su-column-inner su-u-clearfix su-u-trim\"> Bilder der langj\u00e4hrigen Jubilare unseres Vereins und der Ehrungen auf dem Kameradschaftsabend vom 10.11.2018.<\/p>\n<p>Den gesamten Bericht \u00fcber den Kameradschaftsabend k\u00f6nnen Sie <a href=\"http:\/\/www.mgv-eintracht-spellen.de\/?page_id=159\">hier<\/a> herunterladen und nachlesen.<\/p>\n<p><\/div><\/div><\/div>\n<p>&nbsp;<\/p>\n","protected":false},"excerpt":{"rendered":"<p>Die Jubilare unseres Vereins &nbsp; &nbsp;<\/p>\n","protected":false},"author":3,"featured_media":615,"parent":0,"menu_order":0,"comment_status":"closed","ping_status":"closed","template":"","meta":{"footnotes":""},"class_list":["post-32","page","type-page","status-publish","has-post-thumbnail","hentry"],"_links":{"self":[{"href":"http:\/\/www.mgv-eintracht-spellen.de\/index.php?rest_route=\/wp\/v2\/pages\/32","targetHints":{"allow":["GET"]}}],"collection":[{"href":"http:\/\/www.mgv-eintracht-spellen.de\/index.php?rest_route=\/wp\/v2\/pages"}],"about":[{"href":"http:\/\/www.mgv-eintracht-spellen.de\/index.php?rest_route=\/wp\/v2\/types\/page"}],"author":[{"embeddable":true,"href":"http:\/\/www.mgv-eintracht-spellen.de\/index.php?rest_route=\/wp\/v2\/users\/3"}],"replies":[{"embeddable":true,"href":"http:\/\/www.mgv-eintracht-spellen.de\/index.php?rest_route=%2Fwp%2Fv2%2Fcomments&post=32"}],"version-history":[{"count":31,"href":"http:\/\/www.mgv-eintracht-spellen.de\/index.php?rest_route=\/wp\/v2\/pages\/32\/revisions"}],"predecessor-version":[{"id":1175,"href":"http:\/\/www.mgv-eintracht-spellen.de\/index.php?rest_route=\/wp\/v2\/pages\/32\/revisions\/1175"}],"wp:featuredmedia":[{"embeddable":true,"href":"http:\/\/www.mgv-eintracht-spellen.de\/index.php?rest_route=\/wp\/v2\/media\/615"}],"wp:attachment":[{"href":"http:\/\/www.mgv-eintracht-spellen.de\/index.php?rest_route=%2Fwp%2Fv2%2Fmedia&parent=32"}],"curies":[{"name":"wp","href":"https:\/\/api.w.org\/{rel}","templated":true}]}}