{"id":144,"date":"2019-01-29T12:20:46","date_gmt":"2019-01-29T11:20:46","guid":{"rendered":"https:\/\/www.galahad.de\/wp_led\/?page_id=144"},"modified":"2019-09-30T19:44:36","modified_gmt":"2019-09-30T17:44:36","slug":"chronik","status":"publish","type":"page","link":"http:\/\/www.mgv-eintracht-spellen.de\/?page_id=144","title":{"rendered":"Chronik"},"content":{"rendered":"<p><div class=\"su-spoiler su-spoiler-style-default su-spoiler-icon-arrow-circle-1 su-spoiler-closed\" data-scroll-offset=\"0\" data-anchor-in-url=\"no\"><div class=\"su-spoiler-title\" tabindex=\"0\" role=\"button\"><span class=\"su-spoiler-icon\"><\/span>Die Chronik der 1. Vorsitzenden seit der Gr\u00fcndung im Jahre 1920<\/div><div class=\"su-spoiler-content su-u-clearfix su-u-trim\"><br \/>\n\n<table id=\"tablepress-1\" class=\"tablepress tablepress-id-1\">\n<thead>\n<tr class=\"row-1\">\n\t<td class=\"column-1\"><\/td><th class=\"column-2\">Name<\/th><th class=\"column-3\">von<\/th><th class=\"column-4\">bis<\/th><td class=\"column-5\"><\/td>\n<\/tr>\n<\/thead>\n<tbody class=\"row-striping row-hover\">\n<tr class=\"row-2\">\n\t<td class=\"column-1\">1<\/td><td class=\"column-2\">Franz Springob, sen.<\/td><td class=\"column-3\">1920<\/td><td class=\"column-4\">1927*<\/td><td class=\"column-5\"><\/td>\n<\/tr>\n<tr class=\"row-3\">\n\t<td class=\"column-1\">2<\/td><td class=\"column-2\">Josef Steeger<\/td><td class=\"column-3\">1927<\/td><td class=\"column-4\">1931<\/td><td class=\"column-5\"><\/td>\n<\/tr>\n<tr class=\"row-4\">\n\t<td class=\"column-1\">3<\/td><td class=\"column-2\">Johann Awater<\/td><td class=\"column-3\">1931<\/td><td class=\"column-4\">1932<\/td><td class=\"column-5\"><\/td>\n<\/tr>\n<tr class=\"row-5\">\n\t<td class=\"column-1\">4<\/td><td class=\"column-2\">Franz Springob<\/td><td class=\"column-3\">1932<\/td><td class=\"column-4\">1947<\/td><td class=\"column-5\"><\/td>\n<\/tr>\n<tr class=\"row-6\">\n\t<td class=\"column-1\">5<\/td><td class=\"column-2\">Wilhelm Wessel<\/td><td class=\"column-3\">1947<\/td><td class=\"column-4\">1949<\/td><td class=\"column-5\"><\/td>\n<\/tr>\n<tr class=\"row-7\">\n\t<td class=\"column-1\">6<\/td><td class=\"column-2\">Wolfgang Geldermann<\/td><td class=\"column-3\">1949<\/td><td class=\"column-4\">1951<\/td><td class=\"column-5\"><\/td>\n<\/tr>\n<tr class=\"row-8\">\n\t<td class=\"column-1\">7<\/td><td class=\"column-2\">Wilhelm Wessel<\/td><td class=\"column-3\">1951<\/td><td class=\"column-4\">1961<\/td><td class=\"column-5\"><\/td>\n<\/tr>\n<tr class=\"row-9\">\n\t<td class=\"column-1\">8<\/td><td class=\"column-2\">Wolfgang Geldermann<\/td><td class=\"column-3\">1961<\/td><td class=\"column-4\">1974<\/td><td class=\"column-5\"><\/td>\n<\/tr>\n<tr class=\"row-10\">\n\t<td class=\"column-1\">9<\/td><td class=\"column-2\">Hermann Ridderskamp<\/td><td class=\"column-3\">1974<\/td><td class=\"column-4\">2008**<\/td><td class=\"column-5\"><\/td>\n<\/tr>\n<tr class=\"row-11\">\n\t<td class=\"column-1\">10<\/td><td class=\"column-2\">Peter Anton Becker<\/td><td class=\"column-3\">2008***<\/td><td class=\"column-4\">heute<\/td><td class=\"column-5\"><\/td>\n<\/tr>\n<tr class=\"row-12\">\n\t<td class=\"column-1\"><\/td><td class=\"column-2\"><\/td><td class=\"column-3\"><\/td><td class=\"column-4\"><\/td><td class=\"column-5\"><\/td>\n<\/tr>\n<\/tbody>\n<\/table>\n<!-- #tablepress-1 from cache --><\/p>\n<p>* In allen alten Chroniken steht geschrieben, dass F. Springob im Jahre 1929 von J. Steeger abgel\u00f6st wurde. In den originalen Protokollen der Versammlung vom Oktober 1927 steht geschrieben, dass Springob zur\u00fcckgetreten ist und Steeger gew\u00e4hlt wurde. Springob wird bei selber Veranstaltung zum Ehrenvorsitzenden ernannt. (s.S. 33 u.34, 1.Protokollbuch)<\/p>\n<p>** H. Ridderskamp verstarb am 19.12.2008. Die F\u00fchrung des Vereins \u00fcbernahm der 2. Vorsitzende Dieter Woestemeier.<\/p>\n<p>*** P.A. Becker wurde auf der Jahreshauptversammlung am 05.03.2009 zum 1. Vorsitzenden gew\u00e4hlt.<\/div><\/div><br \/>\n<div class=\"su-spoiler su-spoiler-style-default su-spoiler-icon-arrow-circle-1 su-spoiler-closed\" data-scroll-offset=\"0\" data-anchor-in-url=\"no\"><div class=\"su-spoiler-title\" tabindex=\"0\" role=\"button\"><span class=\"su-spoiler-icon\"><\/span>Dirigat seit der Gr\u00fcndung im Jahre 1920<\/div><div class=\"su-spoiler-content su-u-clearfix su-u-trim\">\n<table id=\"tablepress-2\" class=\"tablepress tablepress-id-2\">\n<thead>\n<tr class=\"row-1\">\n\t<td class=\"column-1\"><\/td><th class=\"column-2\">Name<\/th><th class=\"column-3\">von<\/th><th class=\"column-4\">bis<\/th><td class=\"column-5\"><\/td>\n<\/tr>\n<\/thead>\n<tbody class=\"row-striping row-hover\">\n<tr class=\"row-2\">\n\t<td class=\"column-1\">1<\/td><td class=\"column-2\">Wilhelm Wessel<\/td><td class=\"column-3\">1920<\/td><td class=\"column-4\">1947<\/td><td class=\"column-5\"><\/td>\n<\/tr>\n<tr class=\"row-3\">\n\t<td class=\"column-1\">2<\/td><td class=\"column-2\">Josef M\u00f6mken<\/td><td class=\"column-3\">1947<\/td><td class=\"column-4\">1957<\/td><td class=\"column-5\"><\/td>\n<\/tr>\n<tr class=\"row-4\">\n\t<td class=\"column-1\">3<\/td><td class=\"column-2\">Fritz Schwermer<\/td><td class=\"column-3\">1957<\/td><td class=\"column-4\">1959<\/td><td class=\"column-5\"><\/td>\n<\/tr>\n<tr class=\"row-5\">\n\t<td class=\"column-1\">4<\/td><td class=\"column-2\">Anton Liebrand<\/td><td class=\"column-3\">1959<\/td><td class=\"column-4\">1965<\/td><td class=\"column-5\"><\/td>\n<\/tr>\n<tr class=\"row-6\">\n\t<td class=\"column-1\">5<\/td><td class=\"column-2\">Josef M\u00f6mken<\/td><td class=\"column-3\">1965<\/td><td class=\"column-4\">1966<\/td><td class=\"column-5\"><\/td>\n<\/tr>\n<tr class=\"row-7\">\n\t<td class=\"column-1\">6<\/td><td class=\"column-2\">G\u00fcnter Urban<\/td><td class=\"column-3\">1966<\/td><td class=\"column-4\">1968<\/td><td class=\"column-5\"><\/td>\n<\/tr>\n<tr class=\"row-8\">\n\t<td class=\"column-1\">7<\/td><td class=\"column-2\">August Riebbrock<\/td><td class=\"column-3\">1968<\/td><td class=\"column-4\">1970<\/td><td class=\"column-5\"><\/td>\n<\/tr>\n<tr class=\"row-9\">\n\t<td class=\"column-1\">8<\/td><td class=\"column-2\">G\u00fcnter Urban<\/td><td class=\"column-3\">1970<\/td><td class=\"column-4\">1979<\/td><td class=\"column-5\"><\/td>\n<\/tr>\n<tr class=\"row-10\">\n\t<td class=\"column-1\">9<\/td><td class=\"column-2\">Egon Schmitz<\/td><td class=\"column-3\">1979<\/td><td class=\"column-4\">1992<\/td><td class=\"column-5\"><\/td>\n<\/tr>\n<tr class=\"row-11\">\n\t<td class=\"column-1\">10<\/td><td class=\"column-2\">Kurt Buckting<\/td><td class=\"column-3\">1992<\/td><td class=\"column-4\">1993<\/td><td class=\"column-5\"><\/td>\n<\/tr>\n<tr class=\"row-12\">\n\t<td class=\"column-1\">11<\/td><td class=\"column-2\">Josef M\u00f6mken<\/td><td class=\"column-3\">1993<\/td><td class=\"column-4\">2004<\/td><td class=\"column-5\"><\/td>\n<\/tr>\n<tr class=\"row-13\">\n\t<td class=\"column-1\">12<\/td><td class=\"column-2\">Friedhelm Freikamp*<\/td><td class=\"column-3\">2004<\/td><td class=\"column-4\">2010<\/td><td class=\"column-5\"><\/td>\n<\/tr>\n<tr class=\"row-14\">\n\t<td class=\"column-1\">13<\/td><td class=\"column-2\">Michaela Klemm<\/td><td class=\"column-3\">Dez. 2010<\/td><td class=\"column-4\">heute<\/td><td class=\"column-5\"><\/td>\n<\/tr>\n<tr class=\"row-15\">\n\t<td class=\"column-1\"><\/td><td class=\"column-2\"><\/td><td class=\"column-3\"><\/td><td class=\"column-4\"><\/td><td class=\"column-5\"><\/td>\n<\/tr>\n<tr class=\"row-16\">\n\t<td class=\"column-1\"><\/td><td class=\"column-2\"><\/td><td class=\"column-3\"><\/td><td class=\"column-4\"><\/td><td class=\"column-5\"><\/td>\n<\/tr>\n<\/tbody>\n<\/table>\n<!-- #tablepress-2 from cache --><\/p>\n<p>* F. Freikamp wurde bei allen Proben und Auftritten von seiner Frau Anneliese Freikamp am Klavier begleitet<\/div><\/div><\/p>\n","protected":false},"excerpt":{"rendered":"","protected":false},"author":3,"featured_media":0,"parent":32,"menu_order":0,"comment_status":"closed","ping_status":"closed","template":"","meta":{"footnotes":""},"class_list":["post-144","page","type-page","status-publish","hentry"],"_links":{"self":[{"href":"http:\/\/www.mgv-eintracht-spellen.de\/index.php?rest_route=\/wp\/v2\/pages\/144","targetHints":{"allow":["GET"]}}],"collection":[{"href":"http:\/\/www.mgv-eintracht-spellen.de\/index.php?rest_route=\/wp\/v2\/pages"}],"about":[{"href":"http:\/\/www.mgv-eintracht-spellen.de\/index.php?rest_route=\/wp\/v2\/types\/page"}],"author":[{"embeddable":true,"href":"http:\/\/www.mgv-eintracht-spellen.de\/index.php?rest_route=\/wp\/v2\/users\/3"}],"replies":[{"embeddable":true,"href":"http:\/\/www.mgv-eintracht-spellen.de\/index.php?rest_route=%2Fwp%2Fv2%2Fcomments&post=144"}],"version-history":[{"count":20,"href":"http:\/\/www.mgv-eintracht-spellen.de\/index.php?rest_route=\/wp\/v2\/pages\/144\/revisions"}],"predecessor-version":[{"id":837,"href":"http:\/\/www.mgv-eintracht-spellen.de\/index.php?rest_route=\/wp\/v2\/pages\/144\/revisions\/837"}],"up":[{"embeddable":true,"href":"http:\/\/www.mgv-eintracht-spellen.de\/index.php?rest_route=\/wp\/v2\/pages\/32"}],"wp:attachment":[{"href":"http:\/\/www.mgv-eintracht-spellen.de\/index.php?rest_route=%2Fwp%2Fv2%2Fmedia&parent=144"}],"curies":[{"name":"wp","href":"https:\/\/api.w.org\/{rel}","templated":true}]}}